{"id":962,"date":"2018-01-09T16:36:52","date_gmt":"2018-01-09T21:36:52","guid":{"rendered":"http:\/\/www.kruger.com\/?page_id=962"},"modified":"2018-06-23T15:03:30","modified_gmt":"2018-06-23T19:03:30","slug":"nos-etablissements","status":"publish","type":"page","link":"https:\/\/www.kruger.com\/fr\/nous-joindre\/nos-etablissements\/","title":{"rendered":"Nos \u00e9tablissements"},"content":{"rendered":"<div class=\"wpb-content-wrapper\"><p>[vc_section full_width=\u00a0\u00bbstretch_row\u00a0\u00bb][vc_row][vc_column offset=\u00a0\u00bbvc_col-md-offset-2 vc_col-md-8&Prime; el_class=\u00a0\u00bbintro-bordered-box\u00a0\u00bb][vc_custom_heading text=\u00a0\u00bbNos \u00e9tablissements\u00a0\u00bb font_container=\u00a0\u00bbtag:h1|text_align:center\u00a0\u00bb use_theme_fonts=\u00a0\u00bbyes\u00a0\u00bb][vc_separator color=\u00a0\u00bbcustom\u00a0\u00bb border_width=\u00a0\u00bb2&Prime; accent_color=\u00a0\u00bb#16c48c\u00a0\u00bb][vc_custom_heading text=\u00a0\u00bbDans chacun de nos sites, nos employ\u00e9s mettent tout en \u0153uvre pour assurer la satisfaction de nos clients.\u00a0\u00bb font_container=\u00a0\u00bbtag:p|text_align:center\u00a0\u00bb use_theme_fonts=\u00a0\u00bbyes\u00a0\u00bb][vc_separator color=\u00a0\u00bbcustom\u00a0\u00bb border_width=\u00a0\u00bb2&Prime; accent_color=\u00a0\u00bb#16c48c\u00a0\u00bb][\/vc_column][\/vc_row][vc_row][vc_column offset=\u00a0\u00bbvc_col-lg-offset-2 vc_col-lg-8&Prime;][vc_custom_heading text=\u00a0\u00bbTrouvez un \u00e9tablissement\u00a0\u00bb font_container=\u00a0\u00bbtag:h2|text_align:center\u00a0\u00bb use_theme_fonts=\u00a0\u00bbyes\u00a0\u00bb css=\u00a0\u00bb.vc_custom_1515603167684{margin-bottom: 0px !important;padding-bottom: 0px !important;}\u00a0\u00bb][vc_column_text]<\/p>\n<p style=\"text-align: center;\">D\u00e9couvrez nos usines, nos projets, nos installations et nos bureaux<\/p>\n<p>[\/vc_column_text][\/vc_column][\/vc_row][vc_row][vc_column]            <form class=\"map-filter form-inline justify-content-between\">\n                <div>\n                    <div class=\"dropdown dropdown-gen\" data-selector=\"locations-sector\">\n                        <button class=\"btn btn-outline-primary dropdown-toggle\" type=\"button\" id=\"dropdown_sectors\" data-linked-select=\"locations-sector\" data-toggle=\"dropdown\" aria-haspopup=\"true\" aria-expanded=\"false\">Tous les secteurs<\/button>\n                        <div class=\"dropdown-menu\" aria-labelledby=\"dropdown_sectors\">\n                            <button class=\"dropdown-item\" data-value=\"0\">Tous les secteurs<\/button>\n                                                            <button class=\"dropdown-item\" type=\"button\" data-value=\"41\">Cartonnage<\/button>\n                                                            <button class=\"dropdown-item\" type=\"button\" data-value=\"113\">Emballages<\/button>\n                                                            <button class=\"dropdown-item\" type=\"button\" data-value=\"108\">\u00c9nergie<\/button>\n                                                            <button class=\"dropdown-item\" type=\"button\" data-value=\"109\">Papiers de sp\u00e9cialit\u00e9<\/button>\n                                                            <button class=\"dropdown-item\" type=\"button\" data-value=\"43\">Papiers domestiques et institutionnels<\/button>\n                                                            <button class=\"dropdown-item\" type=\"button\" data-value=\"42\">Papiers pour publications<\/button>\n                                                            <button class=\"dropdown-item\" type=\"button\" data-value=\"110\">Recyclage<\/button>\n                                                            <button class=\"dropdown-item\" type=\"button\" data-value=\"114\">Si\u00e8ge social<\/button>\n                                                    <\/div>\n\n                        <select name=\"locations-sector\" class=\"form-control\" style=\"display: none;\">\n                            <option value=\"0\" selected>Tous les secteurs<\/option>\n                                                            <option value=\"41\">Cartonnage<\/option>\n                                                            <option value=\"113\">Emballages<\/option>\n                                                            <option value=\"108\">\u00c9nergie<\/option>\n                                                            <option value=\"109\">Papiers de sp\u00e9cialit\u00e9<\/option>\n                                                            <option value=\"43\">Papiers domestiques et institutionnels<\/option>\n                                                            <option value=\"42\">Papiers pour publications<\/option>\n                                                            <option value=\"110\">Recyclage<\/option>\n                                                            <option value=\"114\">Si\u00e8ge social<\/option>\n                                                    <\/select>\n\n                    <\/div>\n\n                    <div class=\"dropdown dropdown-gen\" data-selector=\"locations-type\">\n                        <button class=\"btn btn-outline-primary dropdown-toggle\" type=\"button\" id=\"dropdown_types\" data-linked-select=\"locations-type\" data-toggle=\"dropdown\" aria-haspopup=\"true\" aria-expanded=\"false\">Tous les types<\/button>\n                        <div class=\"dropdown-menu\" aria-labelledby=\"dropdown_types\">\n                            <button class=\"dropdown-item\" data-value=\"0\">Tous les types<\/button>\n                                                            <button class=\"dropdown-item\" type=\"button\" data-value=\"115\">Bureaux<\/button>\n                                                            <button class=\"dropdown-item\" type=\"button\" data-value=\"117\">Centrales \u00e9nerg\u00e9tiques<\/button>\n                                                            <button class=\"dropdown-item\" type=\"button\" data-value=\"118\">Entrep\u00f4ts<\/button>\n                                                            <button class=\"dropdown-item\" type=\"button\" data-value=\"131\">Si\u00e8ge social<\/button>\n                                                            <button class=\"dropdown-item\" type=\"button\" data-value=\"106\">Usine<\/button>\n                                                    <\/div>\n\n                        <select name=\"locations-type\" class=\"form-control\" style=\"display: none;\">\n                            <option value=\"0\" selected>Tous les types<\/option>\n                                                            <option value=\"115\">Bureaux<\/option>\n                                                            <option value=\"117\">Centrales \u00e9nerg\u00e9tiques<\/option>\n                                                            <option value=\"118\">Entrep\u00f4ts<\/option>\n                                                            <option value=\"131\">Si\u00e8ge social<\/option>\n                                                            <option value=\"106\">Usine<\/option>\n                                                    <\/select>\n                    <\/div>\n\t\t\t\t\t<div class=\"dropdown dropdown-gen\" data-selector=\"locations-state\">\n\t\t\t\t\t\t<button class=\"btn btn-outline-primary dropdown-toggle\" type=\"button\" id=\"dropdown_country\" data-linked-select=\"locations-state\" data-toggle=\"dropdown\" aria-haspopup=\"true\" aria-expanded=\"false\">Tous les pays<\/button>\n\t\t\t\t\t\t<div class=\"dropdown-menu\" aria-labelledby=\"dropdown_country\">\n\t\t\t\t\t\t\t<button class=\"dropdown-item\" data-value=\"0\">All Countries<\/button>\n\t\t\t\t\t\t\t\t\t\t\t\t\t\t\t<button class=\"dropdown-item disabled\" type=\"button\" disabled data-value=\"214\">Canada<\/button>\n\t\t\t\t\t\t\t\t\t\t\t\t\t\t\t\t<button class=\"dropdown-item\" type=\"button\" data-value=\"207\"> - Alberta<\/button>\n\t\t\t\t\t\t\t\t\t\t\t\t\t\t\t\t<button class=\"dropdown-item\" type=\"button\" data-value=\"209\"> - Colombie Britanique<\/button>\n\t\t\t\t\t\t\t\t\t\t\t\t\t\t\t\t<button class=\"dropdown-item\" type=\"button\" data-value=\"208\"> - Nouvelle-\u00c9cosse<\/button>\n\t\t\t\t\t\t\t\t\t\t\t\t\t\t\t\t<button class=\"dropdown-item\" type=\"button\" data-value=\"204\"> - Ontario<\/button>\n\t\t\t\t\t\t\t\t\t\t\t\t\t\t\t\t<button class=\"dropdown-item\" type=\"button\" data-value=\"203\"> - Qu\u00e9bec<\/button>\n\t\t\t\t\t\t\t\t\t\t\t\t\t\t\t\t<button class=\"dropdown-item\" type=\"button\" data-value=\"211\"> - Terre-Neuve<\/button>\n\t\t\t\t\t\t\t\t\t\t\t\t\t\t\t\t\t\t\t\t\t\t\t<button class=\"dropdown-item disabled\" type=\"button\" disabled data-value=\"212\">\u00c9tats-Unis<\/button>\n\t\t\t\t\t\t\t\t\t\t\t\t\t\t\t\t<button class=\"dropdown-item\" type=\"button\" data-value=\"206\"> - Arkansas<\/button>\n\t\t\t\t\t\t\t\t\t\t\t\t\t\t\t\t<button class=\"dropdown-item\" type=\"button\" data-value=\"191\"> - Kentucky<\/button>\n\t\t\t\t\t\t\t\t\t\t\t\t\t\t\t\t<button class=\"dropdown-item\" type=\"button\" data-value=\"205\"> - Maine<\/button>\n\t\t\t\t\t\t\t\t\t\t\t\t\t\t\t\t<button class=\"dropdown-item\" type=\"button\" data-value=\"210\"> - Tennessee<\/button>\n\t\t\t\t\t\t\t\t\t\t\t\t\t\t\t\t\t\t\t\t\t<\/div>\n\t\t\t\t\t\t<select name=\"locations-state\" class=\"form-control\" style=\"display: none;\">\n\t\t\t\t\t\t\t<option value=\"0\" selected>All Countries<\/option>\n\t\t\t\t\t\t\t\t\t\t\t\t\t\t\t<option value=\"214\">Canada<\/option>\n\t\t\t\t\t\t\t\t\t\t\t\t\t\t\t\t<option value=\"207\"> - Alberta<\/option>\n\t\t\t\t\t\t\t\t\t\t\t\t\t\t\t\t<option value=\"209\"> - Colombie Britanique<\/option>\n\t\t\t\t\t\t\t\t\t\t\t\t\t\t\t\t<option value=\"208\"> - Nouvelle-\u00c9cosse<\/option>\n\t\t\t\t\t\t\t\t\t\t\t\t\t\t\t\t<option value=\"204\"> - Ontario<\/option>\n\t\t\t\t\t\t\t\t\t\t\t\t\t\t\t\t<option value=\"203\"> - Qu\u00e9bec<\/option>\n\t\t\t\t\t\t\t\t\t\t\t\t\t\t\t\t<option value=\"211\"> - Terre-Neuve<\/option>\n\t\t\t\t\t\t\t\t\t\t\t\t\t\t\t\t\t\t\t\t\t\t\t<option value=\"212\">\u00c9tats-Unis<\/option>\n\t\t\t\t\t\t\t\t\t\t\t\t\t\t\t\t<option value=\"206\"> - Arkansas<\/option>\n\t\t\t\t\t\t\t\t\t\t\t\t\t\t\t\t<option value=\"191\"> - Kentucky<\/option>\n\t\t\t\t\t\t\t\t\t\t\t\t\t\t\t\t<option value=\"205\"> - Maine<\/option>\n\t\t\t\t\t\t\t\t\t\t\t\t\t\t\t\t<option value=\"210\"> - Tennessee<\/option>\n\t\t\t\t\t\t\t\t\t\t\t\t\t\t\t\t\t\t\t\t\t<\/select>\n\t\t\t\t\t<\/div>\n                <\/div>\n                <div>\n                    <label class=\"sr-only\" for=\"post-code\">Postal Code \/ Zip Code<\/label>\n                    <input name=\"post-code\" class=\"form-control input-pcode\" placeholder=\"Code postal\">\n                    <button class=\"btn btn-outline-primary\" type=\"submit\">Entrer<\/button>\n                <\/div>\n                <div class=\"reset-location col-12\"><span><i class=\"icon-reset\"><\/i>R\u00e9initialiser les filtres<\/span><\/div>\n            <\/form>\n                <div class=\"google-map\" data-type-to-show=\"location\" data-show-filter=\"\" data-nb-posts=\"-1\"><\/div>\n        <div class=\"infos-location\">\n\n        <\/div>\n        <div class=\"reset-location col-12\"><span><i class=\"icon-reset\"><\/i>R\u00e9initialiser les filtres<\/span><\/div>\n        [\/vc_column][\/vc_row][vc_row][vc_column]        <div class=\"module-follow-us fuVersionBlanc wpb_content_element \">\n            <div class=\"row\">\n                <div class=\"col title-box\">\n                    <h3>Suivez-nous<\/h3>\n                <\/div>\n                                    <div class=\"col social-txt\">\n                        <a href=\"https:\/\/twitter.com\/Kruger_Inc\" target=\"_blank\"><i class=\"icon-twitter\"><\/i>@Kruger_Inc<\/a>\n                    <\/div>\n                                    <div class=\"col social-txt\">\n                        <a href=\"https:\/\/www.linkedin.com\/company\/kruger-inc-\/\" target=\"_blank\"><i class=\"icon-linkedin\"><\/i>Kruger Inc.<\/a>\n                    <\/div>\n                                    <div class=\"col social-txt\">\n                        <a href=\"https:\/\/www.facebook.com\/KrugerInc\/\" target=\"_blank\"><i class=\"icon-facebook\"><\/i>@Krugerinc<\/a>\n                    <\/div>\n                                    <div class=\"col social-txt\">\n                        <a href=\"https:\/\/www.instagram.com\/kruger_inc\/\" target=\"_blank\"><i class=\"icon-instagram\"><\/i>@Kruger_inc<\/a>\n                    <\/div>\n                            <\/div>\n        <\/div>\n        [\/vc_column][\/vc_row][\/vc_section]<\/p>\n<\/div>","protected":false},"excerpt":{"rendered":"<p>[vc_section full_width=\u00a0\u00bbstretch_row\u00a0\u00bb][vc_row][vc_column offset=\u00a0\u00bbvc_col-md-offset-2 vc_col-md-8&Prime; el_class=\u00a0\u00bbintro-bordered-box\u00a0\u00bb][vc_custom_heading text=\u00a0\u00bbNos \u00e9tablissements\u00a0\u00bb font_container=\u00a0\u00bbtag:h1|text_align:center\u00a0\u00bb use_theme_fonts=\u00a0\u00bbyes\u00a0\u00bb][vc_separator color=\u00a0\u00bbcustom\u00a0\u00bb border_width=\u00a0\u00bb2&Prime; accent_color=\u00a0\u00bb#16c48c\u00a0\u00bb][vc_custom_heading text=\u00a0\u00bbDans chacun de nos sites, nos employ\u00e9s mettent tout en \u0153uvre pour assurer la satisfaction de nos clients.\u00a0\u00bb font_container=\u00a0\u00bbtag:p|text_align:center\u00a0\u00bb use_theme_fonts=\u00a0\u00bbyes\u00a0\u00bb][vc_separator color=\u00a0\u00bbcustom\u00a0\u00bb border_width=\u00a0\u00bb2&Prime; accent_color=\u00a0\u00bb#16c48c\u00a0\u00bb][\/vc_column][\/vc_row][vc_row][vc_column offset=\u00a0\u00bbvc_col-lg-offset-2 vc_col-lg-8&Prime;][vc_custom_heading text=\u00a0\u00bbTrouvez un \u00e9tablissement\u00a0\u00bb font_container=\u00a0\u00bbtag:h2|text_align:center\u00a0\u00bb use_theme_fonts=\u00a0\u00bbyes\u00a0\u00bb css=\u00a0\u00bb.vc_custom_1515603167684{margin-bottom: 0px !important;padding-bottom: 0px !important;}\u00a0\u00bb][vc_column_text] D\u00e9couvrez nos usines, nos projets, nos installations et [&hellip;]<\/p>\n","protected":false},"author":1,"featured_media":5958,"parent":939,"menu_order":17,"comment_status":"closed","ping_status":"closed","template":"","meta":{"_acf_changed":false,"footnotes":""},"class_list":["post-962","page","type-page","status-publish","has-post-thumbnail","hentry"],"acf":[],"yoast_head":"<!-- This site is optimized with the Yoast SEO plugin v27.0 - https:\/\/yoast.com\/product\/yoast-seo-wordpress\/ -->\n<title>Nos \u00e9tablissements - Kruger Inc.<\/title>\n<meta name=\"description\" content=\"Trouvez un \u00e9tablissement. D\u00e9couvrez nos usines, nos projets, nos installations et nos bureaux.\" \/>\n<meta name=\"robots\" content=\"index, follow, max-snippet:-1, max-image-preview:large, max-video-preview:-1\" \/>\n<link rel=\"canonical\" href=\"https:\/\/www.kruger.com\/fr\/nous-joindre\/nos-etablissements\/\" \/>\n<meta property=\"og:locale\" content=\"fr_FR\" \/>\n<meta property=\"og:type\" content=\"article\" \/>\n<meta property=\"og:title\" content=\"Nos \u00e9tablissements - Kruger Inc.\" \/>\n<meta property=\"og:description\" content=\"Trouvez un \u00e9tablissement. D\u00e9couvrez nos usines, nos projets, nos installations et nos bureaux.\" \/>\n<meta property=\"og:url\" content=\"https:\/\/www.kruger.com\/fr\/nous-joindre\/nos-etablissements\/\" \/>\n<meta property=\"og:site_name\" content=\"Kruger\" \/>\n<meta property=\"article:modified_time\" content=\"2018-06-23T19:03:30+00:00\" \/>\n<meta property=\"og:image\" content=\"https:\/\/www.kruger.com\/wp-content\/uploads\/2021\/10\/kr-6656-our-locations-v2.jpg\" \/>\n\t<meta property=\"og:image:width\" content=\"1920\" \/>\n\t<meta property=\"og:image:height\" content=\"500\" \/>\n\t<meta property=\"og:image:type\" content=\"image\/jpeg\" \/>\n<meta name=\"twitter:card\" content=\"summary_large_image\" \/>\n<meta name=\"twitter:label1\" content=\"Dur\u00e9e de lecture estim\u00e9e\" \/>\n\t<meta name=\"twitter:data1\" content=\"1 minute\" \/>\n<script type=\"application\/ld+json\" class=\"yoast-schema-graph\">{\"@context\":\"https:\/\/schema.org\",\"@graph\":[{\"@type\":\"WebPage\",\"@id\":\"https:\/\/www.kruger.com\/fr\/nous-joindre\/nos-etablissements\/\",\"url\":\"https:\/\/www.kruger.com\/fr\/nous-joindre\/nos-etablissements\/\",\"name\":\"Nos \u00e9tablissements - Kruger Inc.\",\"isPartOf\":{\"@id\":\"https:\/\/www.kruger.com\/#website\"},\"primaryImageOfPage\":{\"@id\":\"https:\/\/www.kruger.com\/fr\/nous-joindre\/nos-etablissements\/#primaryimage\"},\"image\":{\"@id\":\"https:\/\/www.kruger.com\/fr\/nous-joindre\/nos-etablissements\/#primaryimage\"},\"thumbnailUrl\":\"https:\/\/www.kruger.com\/wp-content\/uploads\/2021\/10\/kr-6656-our-locations-v2.jpg\",\"datePublished\":\"2018-01-09T21:36:52+00:00\",\"dateModified\":\"2018-06-23T19:03:30+00:00\",\"description\":\"Trouvez un \u00e9tablissement. D\u00e9couvrez nos usines, nos projets, nos installations et nos bureaux.\",\"breadcrumb\":{\"@id\":\"https:\/\/www.kruger.com\/fr\/nous-joindre\/nos-etablissements\/#breadcrumb\"},\"inLanguage\":\"fr-FR\",\"potentialAction\":[{\"@type\":\"ReadAction\",\"target\":[\"https:\/\/www.kruger.com\/fr\/nous-joindre\/nos-etablissements\/\"]}]},{\"@type\":\"ImageObject\",\"inLanguage\":\"fr-FR\",\"@id\":\"https:\/\/www.kruger.com\/fr\/nous-joindre\/nos-etablissements\/#primaryimage\",\"url\":\"https:\/\/www.kruger.com\/wp-content\/uploads\/2021\/10\/kr-6656-our-locations-v2.jpg\",\"contentUrl\":\"https:\/\/www.kruger.com\/wp-content\/uploads\/2021\/10\/kr-6656-our-locations-v2.jpg\",\"width\":1920,\"height\":500},{\"@type\":\"BreadcrumbList\",\"@id\":\"https:\/\/www.kruger.com\/fr\/nous-joindre\/nos-etablissements\/#breadcrumb\",\"itemListElement\":[{\"@type\":\"ListItem\",\"position\":1,\"name\":\"Home\",\"item\":\"https:\/\/www.kruger.com\/fr\/\"},{\"@type\":\"ListItem\",\"position\":2,\"name\":\"Nous joindre\",\"item\":\"https:\/\/www.kruger.com\/fr\/nous-joindre\/\"},{\"@type\":\"ListItem\",\"position\":3,\"name\":\"Nos \u00e9tablissements\"}]},{\"@type\":\"WebSite\",\"@id\":\"https:\/\/www.kruger.com\/#website\",\"url\":\"https:\/\/www.kruger.com\/\",\"name\":\"Kruger\",\"description\":\"\",\"potentialAction\":[{\"@type\":\"SearchAction\",\"target\":{\"@type\":\"EntryPoint\",\"urlTemplate\":\"https:\/\/www.kruger.com\/?s={search_term_string}\"},\"query-input\":{\"@type\":\"PropertyValueSpecification\",\"valueRequired\":true,\"valueName\":\"search_term_string\"}}],\"inLanguage\":\"fr-FR\"}]}<\/script>\n<!-- \/ Yoast SEO plugin. -->","yoast_head_json":{"title":"Nos \u00e9tablissements - Kruger Inc.","description":"Trouvez un \u00e9tablissement. D\u00e9couvrez nos usines, nos projets, nos installations et nos bureaux.","robots":{"index":"index","follow":"follow","max-snippet":"max-snippet:-1","max-image-preview":"max-image-preview:large","max-video-preview":"max-video-preview:-1"},"canonical":"https:\/\/www.kruger.com\/fr\/nous-joindre\/nos-etablissements\/","og_locale":"fr_FR","og_type":"article","og_title":"Nos \u00e9tablissements - Kruger Inc.","og_description":"Trouvez un \u00e9tablissement. D\u00e9couvrez nos usines, nos projets, nos installations et nos bureaux.","og_url":"https:\/\/www.kruger.com\/fr\/nous-joindre\/nos-etablissements\/","og_site_name":"Kruger","article_modified_time":"2018-06-23T19:03:30+00:00","og_image":[{"width":1920,"height":500,"url":"https:\/\/www.kruger.com\/wp-content\/uploads\/2021\/10\/kr-6656-our-locations-v2.jpg","type":"image\/jpeg"}],"twitter_card":"summary_large_image","twitter_misc":{"Dur\u00e9e de lecture estim\u00e9e":"1 minute"},"schema":{"@context":"https:\/\/schema.org","@graph":[{"@type":"WebPage","@id":"https:\/\/www.kruger.com\/fr\/nous-joindre\/nos-etablissements\/","url":"https:\/\/www.kruger.com\/fr\/nous-joindre\/nos-etablissements\/","name":"Nos \u00e9tablissements - Kruger Inc.","isPartOf":{"@id":"https:\/\/www.kruger.com\/#website"},"primaryImageOfPage":{"@id":"https:\/\/www.kruger.com\/fr\/nous-joindre\/nos-etablissements\/#primaryimage"},"image":{"@id":"https:\/\/www.kruger.com\/fr\/nous-joindre\/nos-etablissements\/#primaryimage"},"thumbnailUrl":"https:\/\/www.kruger.com\/wp-content\/uploads\/2021\/10\/kr-6656-our-locations-v2.jpg","datePublished":"2018-01-09T21:36:52+00:00","dateModified":"2018-06-23T19:03:30+00:00","description":"Trouvez un \u00e9tablissement. D\u00e9couvrez nos usines, nos projets, nos installations et nos bureaux.","breadcrumb":{"@id":"https:\/\/www.kruger.com\/fr\/nous-joindre\/nos-etablissements\/#breadcrumb"},"inLanguage":"fr-FR","potentialAction":[{"@type":"ReadAction","target":["https:\/\/www.kruger.com\/fr\/nous-joindre\/nos-etablissements\/"]}]},{"@type":"ImageObject","inLanguage":"fr-FR","@id":"https:\/\/www.kruger.com\/fr\/nous-joindre\/nos-etablissements\/#primaryimage","url":"https:\/\/www.kruger.com\/wp-content\/uploads\/2021\/10\/kr-6656-our-locations-v2.jpg","contentUrl":"https:\/\/www.kruger.com\/wp-content\/uploads\/2021\/10\/kr-6656-our-locations-v2.jpg","width":1920,"height":500},{"@type":"BreadcrumbList","@id":"https:\/\/www.kruger.com\/fr\/nous-joindre\/nos-etablissements\/#breadcrumb","itemListElement":[{"@type":"ListItem","position":1,"name":"Home","item":"https:\/\/www.kruger.com\/fr\/"},{"@type":"ListItem","position":2,"name":"Nous joindre","item":"https:\/\/www.kruger.com\/fr\/nous-joindre\/"},{"@type":"ListItem","position":3,"name":"Nos \u00e9tablissements"}]},{"@type":"WebSite","@id":"https:\/\/www.kruger.com\/#website","url":"https:\/\/www.kruger.com\/","name":"Kruger","description":"","potentialAction":[{"@type":"SearchAction","target":{"@type":"EntryPoint","urlTemplate":"https:\/\/www.kruger.com\/?s={search_term_string}"},"query-input":{"@type":"PropertyValueSpecification","valueRequired":true,"valueName":"search_term_string"}}],"inLanguage":"fr-FR"}]}},"_links":{"self":[{"href":"https:\/\/www.kruger.com\/fr\/wp-json\/wp\/v2\/pages\/962","targetHints":{"allow":["GET"]}}],"collection":[{"href":"https:\/\/www.kruger.com\/fr\/wp-json\/wp\/v2\/pages"}],"about":[{"href":"https:\/\/www.kruger.com\/fr\/wp-json\/wp\/v2\/types\/page"}],"author":[{"embeddable":true,"href":"https:\/\/www.kruger.com\/fr\/wp-json\/wp\/v2\/users\/1"}],"replies":[{"embeddable":true,"href":"https:\/\/www.kruger.com\/fr\/wp-json\/wp\/v2\/comments?post=962"}],"version-history":[{"count":9,"href":"https:\/\/www.kruger.com\/fr\/wp-json\/wp\/v2\/pages\/962\/revisions"}],"predecessor-version":[{"id":3878,"href":"https:\/\/www.kruger.com\/fr\/wp-json\/wp\/v2\/pages\/962\/revisions\/3878"}],"up":[{"embeddable":true,"href":"https:\/\/www.kruger.com\/fr\/wp-json\/wp\/v2\/pages\/939"}],"wp:featuredmedia":[{"embeddable":true,"href":"https:\/\/www.kruger.com\/fr\/wp-json\/wp\/v2\/media\/5958"}],"wp:attachment":[{"href":"https:\/\/www.kruger.com\/fr\/wp-json\/wp\/v2\/media?parent=962"}],"curies":[{"name":"wp","href":"https:\/\/api.w.org\/{rel}","templated":true}]}}